{"id":17,"date":"2023-09-17T10:26:16","date_gmt":"2023-09-17T08:26:16","guid":{"rendered":"https:\/\/farmaciaavinyo.com\/historia\/"},"modified":"2024-07-26T18:39:05","modified_gmt":"2024-07-26T16:39:05","slug":"farmacia-avinyo-historia","status":"publish","type":"page","link":"https:\/\/farmaciaavinyo.com\/es\/farmacia-avinyo-historia\/","title":{"rendered":"Farm\u00e0cia Aviny\u00f3 &#8211; Historia"},"content":{"rendered":"\t\t<div data-elementor-type=\"wp-page\" data-elementor-id=\"17\" class=\"elementor elementor-17 elementor-15\" data-elementor-post-type=\"page\">\n\t\t\t\t<div class=\"elementor-element elementor-element-fe660e0 e-flex e-con-boxed e-con e-parent\" data-id=\"fe660e0\" data-element_type=\"container\" data-settings=\"{&quot;background_background&quot;:&quot;classic&quot;}\" data-core-v316-plus=\"true\">\n\t\t\t\t\t<div class=\"e-con-inner\">\n\t\t\t\t<div class=\"elementor-element elementor-element-c981b14 elementor-widget elementor-widget-heading\" data-id=\"c981b14\" data-element_type=\"widget\" data-widget_type=\"heading.default\">\n\t\t\t\t<div class=\"elementor-widget-container\">\n\t\t\t<style>\/*! elementor - v3.20.0 - 26-03-2024 *\/\n.elementor-heading-title{padding:0;margin:0;line-height:1}.elementor-widget-heading .elementor-heading-title[class*=elementor-size-]>a{color:inherit;font-size:inherit;line-height:inherit}.elementor-widget-heading .elementor-heading-title.elementor-size-small{font-size:15px}.elementor-widget-heading .elementor-heading-title.elementor-size-medium{font-size:19px}.elementor-widget-heading .elementor-heading-title.elementor-size-large{font-size:29px}.elementor-widget-heading .elementor-heading-title.elementor-size-xl{font-size:39px}.elementor-widget-heading .elementor-heading-title.elementor-size-xxl{font-size:59px}<\/style><h2 class=\"elementor-heading-title elementor-size-default\">Historia<\/h2>\t\t<\/div>\n\t\t\t\t<\/div>\n\t\t\t\t\t<\/div>\n\t\t\t\t<\/div>\n\t\t<div class=\"elementor-element elementor-element-127f75a e-flex e-con-boxed e-con e-parent\" data-id=\"127f75a\" data-element_type=\"container\" data-core-v316-plus=\"true\">\n\t\t\t\t\t<div class=\"e-con-inner\">\n\t\t<div class=\"elementor-element elementor-element-6a8808e e-con-full e-flex e-con e-child\" data-id=\"6a8808e\" data-element_type=\"container\">\n\t\t\t\t<div class=\"elementor-element elementor-element-2e431c9 elementor-widget elementor-widget-image\" data-id=\"2e431c9\" data-element_type=\"widget\" data-widget_type=\"image.default\">\n\t\t\t\t<div class=\"elementor-widget-container\">\n\t\t\t<style>\/*! elementor - v3.20.0 - 26-03-2024 *\/\n.elementor-widget-image{text-align:center}.elementor-widget-image a{display:inline-block}.elementor-widget-image a img[src$=\".svg\"]{width:48px}.elementor-widget-image img{vertical-align:middle;display:inline-block}<\/style>\t\t\t\t\t\t\t\t\t\t<img fetchpriority=\"high\" decoding=\"async\" width=\"1057\" height=\"894\" src=\"https:\/\/farmaciaavinyo.com\/wp-content\/uploads\/2023\/09\/historia-casanovas.jpg\" class=\"attachment-full size-full wp-image-194\" alt=\"\" srcset=\"https:\/\/farmaciaavinyo.com\/wp-content\/uploads\/2023\/09\/historia-casanovas.jpg 1057w, https:\/\/farmaciaavinyo.com\/wp-content\/uploads\/2023\/09\/historia-casanovas-300x254.jpg 300w, https:\/\/farmaciaavinyo.com\/wp-content\/uploads\/2023\/09\/historia-casanovas-1024x866.jpg 1024w, https:\/\/farmaciaavinyo.com\/wp-content\/uploads\/2023\/09\/historia-casanovas-768x650.jpg 768w\" sizes=\"(max-width: 1057px) 100vw, 1057px\" \/>\t\t\t\t\t\t\t\t\t\t\t\t\t<\/div>\n\t\t\t\t<\/div>\n\t\t\t\t<div class=\"elementor-element elementor-element-d5d3b61 elementor-widget elementor-widget-image\" data-id=\"d5d3b61\" data-element_type=\"widget\" data-widget_type=\"image.default\">\n\t\t\t\t<div class=\"elementor-widget-container\">\n\t\t\t\t\t\t\t\t\t\t\t\t\t<img decoding=\"async\" width=\"1003\" height=\"748\" src=\"https:\/\/farmaciaavinyo.com\/wp-content\/uploads\/2023\/09\/historia-casanellas.jpg\" class=\"attachment-full size-full wp-image-309\" alt=\"\" srcset=\"https:\/\/farmaciaavinyo.com\/wp-content\/uploads\/2023\/09\/historia-casanellas.jpg 1003w, https:\/\/farmaciaavinyo.com\/wp-content\/uploads\/2023\/09\/historia-casanellas-300x224.jpg 300w, https:\/\/farmaciaavinyo.com\/wp-content\/uploads\/2023\/09\/historia-casanellas-768x573.jpg 768w\" sizes=\"(max-width: 1003px) 100vw, 1003px\" \/>\t\t\t\t\t\t\t\t\t\t\t\t\t<\/div>\n\t\t\t\t<\/div>\n\t\t\t\t<div class=\"elementor-element elementor-element-f806672 elementor-widget elementor-widget-image\" data-id=\"f806672\" data-element_type=\"widget\" data-widget_type=\"image.default\">\n\t\t\t\t<div class=\"elementor-widget-container\">\n\t\t\t\t\t\t\t\t\t\t\t\t\t<img decoding=\"async\" width=\"1002\" height=\"748\" src=\"https:\/\/farmaciaavinyo.com\/wp-content\/uploads\/2023\/09\/historia-nebot-cast.jpg\" class=\"attachment-full size-full wp-image-312\" alt=\"\" srcset=\"https:\/\/farmaciaavinyo.com\/wp-content\/uploads\/2023\/09\/historia-nebot-cast.jpg 1002w, https:\/\/farmaciaavinyo.com\/wp-content\/uploads\/2023\/09\/historia-nebot-cast-300x224.jpg 300w, https:\/\/farmaciaavinyo.com\/wp-content\/uploads\/2023\/09\/historia-nebot-cast-768x573.jpg 768w\" sizes=\"(max-width: 1002px) 100vw, 1002px\" \/>\t\t\t\t\t\t\t\t\t\t\t\t\t<\/div>\n\t\t\t\t<\/div>\n\t\t\t\t<\/div>\n\t\t<div class=\"elementor-element elementor-element-1ae52ac e-con-full e-flex e-con e-child\" data-id=\"1ae52ac\" data-element_type=\"container\">\n\t\t\t\t<div class=\"elementor-element elementor-element-8f03e0c elementor-widget elementor-widget-text-editor\" data-id=\"8f03e0c\" data-element_type=\"widget\" data-widget_type=\"text-editor.default\">\n\t\t\t\t<div class=\"elementor-widget-container\">\n\t\t\t<style>\/*! elementor - v3.20.0 - 26-03-2024 *\/\n.elementor-widget-text-editor.elementor-drop-cap-view-stacked .elementor-drop-cap{background-color:#69727d;color:#fff}.elementor-widget-text-editor.elementor-drop-cap-view-framed .elementor-drop-cap{color:#69727d;border:3px solid;background-color:transparent}.elementor-widget-text-editor:not(.elementor-drop-cap-view-default) .elementor-drop-cap{margin-top:8px}.elementor-widget-text-editor:not(.elementor-drop-cap-view-default) .elementor-drop-cap-letter{width:1em;height:1em}.elementor-widget-text-editor .elementor-drop-cap{float:left;text-align:center;line-height:1;font-size:50px}.elementor-widget-text-editor .elementor-drop-cap-letter{display:inline-block}<\/style>\t\t\t\t<p><strong>La actual Farmacia Aviny\u00f3, situada en el n\u00famero 32 de la calle Aviny\u00f3, es un tesoro de la ciudad de Barcelona<\/strong>. En sus or\u00edgenes (1903) fue la farmacia del Dr. Casanovas durante 60 a\u00f1os.<br \/><br \/>Reconocida como la <strong>14\u00aa farmacia m\u00e1s antigua de la ciudad<\/strong>, fue un punto de referencia en el barrio y ha brindado servicios de atenci\u00f3n m\u00e9dica y farmac\u00e9utica durante generaciones. <br \/><br \/>El exterior del edificio refleja una <strong>arquitectura cl\u00e1sica del Barrio G\u00f3tico<\/strong>, con una fachada de estilo neocl\u00e1sico que ha resistido el paso del tiempo. <br \/><br \/>M\u00e1s tarde, Mar\u00eda Teresa Casanellas se hizo cargo de la farmacia con su esposo Josep y un equipo sanitario que ha acompa\u00f1ado y asesorado el barrio en sus necesidades sanitarias durante los siguientes 30 a\u00f1os. <br \/><br \/>En 2022, Roger Nebot Monferrer, farmac\u00e9utico barcelon\u00e9s especializado en la fabricaci\u00f3n de dermocosm\u00e9tica, ha recogido el testigo y acompa\u00f1ado del mismo equipo sanitario ha iniciado una nueva etapa en la farmacia m\u00e1s emblem\u00e1tica y antigua de la calle Aviny\u00f3. <br \/><br \/><strong>La farmacia de Roger Nebot Monferrer se llama ahora Farmacia Aviny\u00f3<\/strong> para mantener siempre la vinculaci\u00f3n con esta importante y antigua calle de Barcelona. Se enorgullece de mantener un extenso inventario de medicamentos, productos de alta calidad y productos de fabricaci\u00f3n propia en dermocosm\u00e9tica, asegurando que los clientes encuentren lo que necesitan en un solo lugar. <strong>Adem\u00e1s, ofrecen servicios especializados<\/strong> como an\u00e1lisis de sangre, toma de presi\u00f3n arterial y asesoramiento en diferentes \u00e1reas de salud y bienestar. <br \/><br \/>El <strong>legado hist\u00f3rico<\/strong> de la farmacia se refleja en las paredes, columnas y arco que explican la historia de la profesi\u00f3n farmac\u00e9utica y su evoluci\u00f3n a lo largo de los a\u00f1os. Estos elementos se <strong>combinan con tecnolog\u00eda moderna para garantizar una atenci\u00f3n eficiente y actualizada<\/strong>.<\/p>\t\t\t\t\t\t<\/div>\n\t\t\t\t<\/div>\n\t\t\t\t<\/div>\n\t\t\t\t\t<\/div>\n\t\t\t\t<\/div>\n\t\t<div class=\"elementor-element elementor-element-d21b62c e-flex e-con-boxed e-con e-parent\" data-id=\"d21b62c\" data-element_type=\"container\" data-core-v316-plus=\"true\">\n\t\t\t\t\t<div class=\"e-con-inner\">\n\t\t<div class=\"elementor-element elementor-element-6b08446 e-con-full e-flex e-con e-child\" data-id=\"6b08446\" data-element_type=\"container\">\n\t\t\t\t<div class=\"elementor-element elementor-element-c2f13f9 elementor-widget elementor-widget-image\" data-id=\"c2f13f9\" data-element_type=\"widget\" data-widget_type=\"image.default\">\n\t\t\t\t<div class=\"elementor-widget-container\">\n\t\t\t\t\t\t\t\t\t\t\t\t\t<img loading=\"lazy\" decoding=\"async\" width=\"1692\" height=\"1192\" src=\"https:\/\/farmaciaavinyo.com\/wp-content\/uploads\/2023\/09\/historia-actual-1.jpg\" class=\"attachment-full size-full wp-image-319\" alt=\"\" srcset=\"https:\/\/farmaciaavinyo.com\/wp-content\/uploads\/2023\/09\/historia-actual-1.jpg 1692w, https:\/\/farmaciaavinyo.com\/wp-content\/uploads\/2023\/09\/historia-actual-1-300x211.jpg 300w, https:\/\/farmaciaavinyo.com\/wp-content\/uploads\/2023\/09\/historia-actual-1-1024x721.jpg 1024w, https:\/\/farmaciaavinyo.com\/wp-content\/uploads\/2023\/09\/historia-actual-1-768x541.jpg 768w, https:\/\/farmaciaavinyo.com\/wp-content\/uploads\/2023\/09\/historia-actual-1-1536x1082.jpg 1536w\" sizes=\"(max-width: 1692px) 100vw, 1692px\" \/>\t\t\t\t\t\t\t\t\t\t\t\t\t<\/div>\n\t\t\t\t<\/div>\n\t\t\t\t<\/div>\n\t\t<div class=\"elementor-element elementor-element-14fc3d5 e-con-full e-flex e-con e-child\" data-id=\"14fc3d5\" data-element_type=\"container\">\n\t\t\t\t<div class=\"elementor-element elementor-element-6881101 elementor-widget elementor-widget-image\" data-id=\"6881101\" data-element_type=\"widget\" data-widget_type=\"image.default\">\n\t\t\t\t<div class=\"elementor-widget-container\">\n\t\t\t\t\t\t\t\t\t\t\t\t\t<img loading=\"lazy\" decoding=\"async\" width=\"1692\" height=\"1192\" src=\"https:\/\/farmaciaavinyo.com\/wp-content\/uploads\/2023\/09\/historia-actual-2.jpg\" class=\"attachment-full size-full wp-image-321\" alt=\"\" srcset=\"https:\/\/farmaciaavinyo.com\/wp-content\/uploads\/2023\/09\/historia-actual-2.jpg 1692w, https:\/\/farmaciaavinyo.com\/wp-content\/uploads\/2023\/09\/historia-actual-2-300x211.jpg 300w, https:\/\/farmaciaavinyo.com\/wp-content\/uploads\/2023\/09\/historia-actual-2-1024x721.jpg 1024w, https:\/\/farmaciaavinyo.com\/wp-content\/uploads\/2023\/09\/historia-actual-2-768x541.jpg 768w, https:\/\/farmaciaavinyo.com\/wp-content\/uploads\/2023\/09\/historia-actual-2-1536x1082.jpg 1536w\" sizes=\"(max-width: 1692px) 100vw, 1692px\" \/>\t\t\t\t\t\t\t\t\t\t\t\t\t<\/div>\n\t\t\t\t<\/div>\n\t\t\t\t<\/div>\n\t\t\t\t\t<\/div>\n\t\t\t\t<\/div>\n\t\t\t\t<\/div>\n\t\t","protected":false},"excerpt":{"rendered":"<p>Historia La actual Farmacia Aviny\u00f3, situada en el n\u00famero 32 de la calle Aviny\u00f3, es un tesoro de la ciudad de Barcelona. En sus or\u00edgenes (1903) fue la farmacia del Dr. Casanovas durante 60 a\u00f1os. Reconocida como la 14\u00aa farmacia m\u00e1s antigua de la ciudad, fue un punto de referencia en el barrio y ha [&hellip;]<\/p>\n","protected":false},"author":1,"featured_media":0,"parent":0,"menu_order":2,"comment_status":"closed","ping_status":"closed","template":"","meta":{"footnotes":""},"class_list":["post-17","page","type-page","status-publish","hentry"],"_links":{"self":[{"href":"https:\/\/farmaciaavinyo.com\/es\/wp-json\/wp\/v2\/pages\/17","targetHints":{"allow":["GET"]}}],"collection":[{"href":"https:\/\/farmaciaavinyo.com\/es\/wp-json\/wp\/v2\/pages"}],"about":[{"href":"https:\/\/farmaciaavinyo.com\/es\/wp-json\/wp\/v2\/types\/page"}],"author":[{"embeddable":true,"href":"https:\/\/farmaciaavinyo.com\/es\/wp-json\/wp\/v2\/users\/1"}],"replies":[{"embeddable":true,"href":"https:\/\/farmaciaavinyo.com\/es\/wp-json\/wp\/v2\/comments?post=17"}],"version-history":[{"count":41,"href":"https:\/\/farmaciaavinyo.com\/es\/wp-json\/wp\/v2\/pages\/17\/revisions"}],"predecessor-version":[{"id":1058,"href":"https:\/\/farmaciaavinyo.com\/es\/wp-json\/wp\/v2\/pages\/17\/revisions\/1058"}],"wp:attachment":[{"href":"https:\/\/farmaciaavinyo.com\/es\/wp-json\/wp\/v2\/media?parent=17"}],"curies":[{"name":"wp","href":"https:\/\/api.w.org\/{rel}","templated":true}]}}